{"id":6,"date":"2023-07-28T17:35:53","date_gmt":"2023-07-28T15:35:53","guid":{"rendered":"http:\/\/localhost:8280\/?page_id=6"},"modified":"2026-02-02T19:16:57","modified_gmt":"2026-02-02T18:16:57","slug":"startseite","status":"publish","type":"page","link":"https:\/\/ammersee-loft.de\/en\/","title":{"rendered":"Startseite"},"content":{"rendered":"<section class=\"wp-block-group is-layout-constrained wp-block-group-is-layout-constrained\">\n<div class=\"wp-block-group narrow is-layout-flow wp-block-group-is-layout-flow\">\n<h2 class=\"wp-block-heading\">Between Forest and Water<\/h2>\n<\/div>\n\n\n\n<div class=\"wp-block-columns narrow is-layout-flex wp-container-core-columns-is-layout-28f84493 wp-block-columns-is-layout-flex\">\n<div class=\"wp-block-column pb-12 is-layout-flow wp-block-column-is-layout-flow\" style=\"flex-basis:50%\">\n<div class=\"wp-block-group is-layout-constrained wp-block-group-is-layout-constrained\">\n<p class=\"has-text-align-center\"><strong>Our luxurious guesthouse, Ammersee-Loft, is located directly by the forest, around 800 meters from the shores of Lake Ammersee \u2013 peaceful and surrounded by greenery.<\/strong><br><strong>Across three levels, 100 m\u00b2 <strong>l<\/strong>of light-filled<\/strong> <strong>living space unfold.<\/strong><\/p>\n\n\n\n<p class=\"has-text-align-center\"><strong>The loft\u2019s generous floor plan makes it ideal for a single guest or a couple.<\/strong><br><strong>The entire space is furnished with care, style, and high-quality details.<\/strong><\/p>\n<\/div>\n<\/div>\n\n\n\n<div class=\"wp-block-column is-vertically-aligned-bottom grow-0 is-layout-flow wp-block-column-is-layout-flow\" style=\"flex-basis:50%\">\n<figure class=\"wp-block-image size-full\"><img loading=\"lazy\" decoding=\"async\" width=\"483\" height=\"349\" src=\"https:\/\/ammersee-loft.de\/wp-content\/uploads\/2026\/01\/grundriss-1.png\" alt=\"\" class=\"wp-image-386\" srcset=\"https:\/\/ammersee-loft.de\/wp-content\/uploads\/2026\/01\/grundriss-1.png 483w, https:\/\/ammersee-loft.de\/wp-content\/uploads\/2026\/01\/grundriss-1-300x217.png 300w, https:\/\/ammersee-loft.de\/wp-content\/uploads\/2026\/01\/grundriss-1-18x12.png 18w\" sizes=\"auto, (max-width: 483px) 100vw, 483px\" \/><\/figure>\n<\/div>\n<\/div>\n\n\n\n<div class=\"wp-block-group narrow is-layout-constrained wp-block-group-is-layout-constrained\" style=\"margin-top:8rem\">\n<p class=\"has-text-align-center\"><strong>On the first floor, a 57m\u00b2 living and sleeping area opens up, featuring large windows and direct views of the forest.<br>High wooden ceilings, elegant floors, and a fireplace define the space.<br>A dedicated workspace with a large solid-wood desk and high-speed Wi-Fi is available.<\/strong><\/p>\n<\/div>\n<\/section>\n\n\n\n<div class=\"wp-block-group is-layout-constrained wp-block-group-is-layout-constrained\">\n<figure class=\"wp-block-image alignfull size-full\"><img loading=\"lazy\" decoding=\"async\" width=\"2560\" height=\"1162\" src=\"https:\/\/ammersee-loft.de\/wp-content\/uploads\/2026\/01\/Totale-1024x465-1-4000x18162_3-scaled-Firefly-Upscaler-2x-Skalierung-test-to-Kiki.jpg\" alt=\"\" class=\"wp-image-291\" srcset=\"https:\/\/ammersee-loft.de\/wp-content\/uploads\/2026\/01\/Totale-1024x465-1-4000x18162_3-scaled-Firefly-Upscaler-2x-Skalierung-test-to-Kiki.jpg 2560w, https:\/\/ammersee-loft.de\/wp-content\/uploads\/2026\/01\/Totale-1024x465-1-4000x18162_3-scaled-Firefly-Upscaler-2x-Skalierung-test-to-Kiki-300x136.jpg 300w, https:\/\/ammersee-loft.de\/wp-content\/uploads\/2026\/01\/Totale-1024x465-1-4000x18162_3-scaled-Firefly-Upscaler-2x-Skalierung-test-to-Kiki-1024x465.jpg 1024w, https:\/\/ammersee-loft.de\/wp-content\/uploads\/2026\/01\/Totale-1024x465-1-4000x18162_3-scaled-Firefly-Upscaler-2x-Skalierung-test-to-Kiki-768x349.jpg 768w, https:\/\/ammersee-loft.de\/wp-content\/uploads\/2026\/01\/Totale-1024x465-1-4000x18162_3-scaled-Firefly-Upscaler-2x-Skalierung-test-to-Kiki-1536x697.jpg 1536w, https:\/\/ammersee-loft.de\/wp-content\/uploads\/2026\/01\/Totale-1024x465-1-4000x18162_3-scaled-Firefly-Upscaler-2x-Skalierung-test-to-Kiki-2048x930.jpg 2048w, https:\/\/ammersee-loft.de\/wp-content\/uploads\/2026\/01\/Totale-1024x465-1-4000x18162_3-scaled-Firefly-Upscaler-2x-Skalierung-test-to-Kiki-18x8.jpg 18w\" sizes=\"auto, (max-width: 2560px) 100vw, 2560px\" \/><\/figure>\n<\/div>\n\n\n\n<section class=\"wp-block-group is-layout-constrained wp-block-group-is-layout-constrained\">\n<div class=\"wp-block-columns is-layout-flex wp-container-core-columns-is-layout-28f84493 wp-block-columns-is-layout-flex\">\n<div class=\"wp-block-column is-layout-flow wp-block-column-is-layout-flow\" style=\"flex-basis:50%\">\n<p class=\"has-text-align-center\"><strong>On the ground floor, a cozy oak dining area flows into a modern, fully equipped kitchen.<br>Behind it, separated by a glass sliding door, is a utility room with a washing machine, dryer, washbasin, and WC, as well as a pantry and storage room<\/strong><\/p>\n<\/div>\n\n\n\n<div class=\"wp-block-column is-layout-flow wp-block-column-is-layout-flow\" style=\"flex-basis:50%\">\n<figure class=\"wp-block-image alignright size-full is-resized\"><img loading=\"lazy\" decoding=\"async\" width=\"440\" height=\"309\" src=\"https:\/\/ammersee-loft.de\/wp-content\/uploads\/2024\/06\/Ausstattung.png\" alt=\"\" class=\"wp-image-171\" style=\"width:600px\" srcset=\"https:\/\/ammersee-loft.de\/wp-content\/uploads\/2024\/06\/Ausstattung.png 440w, https:\/\/ammersee-loft.de\/wp-content\/uploads\/2024\/06\/Ausstattung-300x211.png 300w\" sizes=\"auto, (max-width: 440px) 100vw, 440px\" \/><\/figure>\n<\/div>\n<\/div>\n<\/section>\n\n\n\n<section class=\"wp-block-group is-layout-flow wp-block-group-is-layout-flow\">\n<div class=\"wp-block-columns is-layout-flex wp-container-core-columns-is-layout-28f84493 wp-block-columns-is-layout-flex\">\n<div class=\"wp-block-column is-layout-constrained wp-container-core-column-is-layout-12243e0f wp-block-column-is-layout-constrained\" style=\"flex-basis:33.34%\">\n<div class=\"wp-block-group wp-container-content-90d19858 is-vertical is-content-justification-stretch is-nowrap is-layout-flex wp-container-core-group-is-layout-8d9dc39a wp-block-group-is-layout-flex\">\n<figure class=\"wp-block-image size-full\"><img loading=\"lazy\" decoding=\"async\" width=\"1280\" height=\"960\" src=\"https:\/\/ammersee-loft.de\/wp-content\/uploads\/2024\/07\/IMG_022679-Gross.png\" alt=\"\" class=\"wp-image-239\" style=\"aspect-ratio:4\/3;object-fit:cover\" srcset=\"https:\/\/ammersee-loft.de\/wp-content\/uploads\/2024\/07\/IMG_022679-Gross.png 1280w, https:\/\/ammersee-loft.de\/wp-content\/uploads\/2024\/07\/IMG_022679-Gross-300x225.png 300w, https:\/\/ammersee-loft.de\/wp-content\/uploads\/2024\/07\/IMG_022679-Gross-1024x768.png 1024w, https:\/\/ammersee-loft.de\/wp-content\/uploads\/2024\/07\/IMG_022679-Gross-768x576.png 768w, https:\/\/ammersee-loft.de\/wp-content\/uploads\/2024\/07\/IMG_022679-Gross-469x352.png 469w\" sizes=\"auto, (max-width: 1280px) 100vw, 1280px\" \/><\/figure>\n\n\n\n<p class=\"has-text-align-center\"><strong>Integrated into the open-plan design, the sleeping area can be separated with a screen as needed<\/strong><\/p>\n<\/div>\n<\/div>\n\n\n\n<div class=\"wp-block-column is-layout-constrained wp-container-core-column-is-layout-12243e0f wp-block-column-is-layout-constrained\" style=\"flex-basis:33.34%\">\n<div class=\"wp-block-group wp-container-content-90d19858 is-vertical is-content-justification-stretch is-nowrap is-layout-flex wp-container-core-group-is-layout-8d9dc39a wp-block-group-is-layout-flex\">\n<figure class=\"wp-block-image size-full\"><img loading=\"lazy\" decoding=\"async\" width=\"2560\" height=\"1920\" src=\"https:\/\/ammersee-loft.de\/wp-content\/uploads\/2024\/07\/bad_scaled.jpg\" alt=\"\" class=\"wp-image-213\" style=\"aspect-ratio:4\/3;object-fit:cover\" srcset=\"https:\/\/ammersee-loft.de\/wp-content\/uploads\/2024\/07\/bad_scaled.jpg 2560w, https:\/\/ammersee-loft.de\/wp-content\/uploads\/2024\/07\/bad_scaled-300x225.jpg 300w, https:\/\/ammersee-loft.de\/wp-content\/uploads\/2024\/07\/bad_scaled-1024x768.jpg 1024w, https:\/\/ammersee-loft.de\/wp-content\/uploads\/2024\/07\/bad_scaled-768x576.jpg 768w, https:\/\/ammersee-loft.de\/wp-content\/uploads\/2024\/07\/bad_scaled-1536x1152.jpg 1536w, https:\/\/ammersee-loft.de\/wp-content\/uploads\/2024\/07\/bad_scaled-2048x1536.jpg 2048w, https:\/\/ammersee-loft.de\/wp-content\/uploads\/2024\/07\/bad_scaled-469x352.jpg 469w\" sizes=\"auto, (max-width: 2560px) 100vw, 2560px\" \/><\/figure>\n\n\n\n<p class=\"has-text-align-center\"><strong>The exclusive bathroom is equipped with underfloor heating, a walk-in rain shower, a glass washbasin, WC, bidet, and urinal<\/strong><\/p>\n<\/div>\n<\/div>\n\n\n\n<div class=\"wp-block-column is-layout-constrained wp-container-core-column-is-layout-7bc74264 wp-block-column-is-layout-constrained\" style=\"flex-basis:33.33%\">\n<div class=\"wp-block-group wp-container-content-90d19858 is-vertical is-content-justification-stretch is-nowrap is-layout-flex wp-container-core-group-is-layout-73b0033c wp-block-group-is-layout-flex\">\n<figure class=\"wp-block-image size-full\"><img loading=\"lazy\" decoding=\"async\" width=\"2560\" height=\"1920\" src=\"https:\/\/ammersee-loft.de\/wp-content\/uploads\/2024\/07\/IMG_022518-1-scaled.jpg\" alt=\"\" class=\"wp-image-235\" style=\"aspect-ratio:4\/3;object-fit:cover\" srcset=\"https:\/\/ammersee-loft.de\/wp-content\/uploads\/2024\/07\/IMG_022518-1-scaled.jpg 2560w, https:\/\/ammersee-loft.de\/wp-content\/uploads\/2024\/07\/IMG_022518-1-300x225.jpg 300w, https:\/\/ammersee-loft.de\/wp-content\/uploads\/2024\/07\/IMG_022518-1-1024x768.jpg 1024w, https:\/\/ammersee-loft.de\/wp-content\/uploads\/2024\/07\/IMG_022518-1-768x576.jpg 768w, https:\/\/ammersee-loft.de\/wp-content\/uploads\/2024\/07\/IMG_022518-1-1536x1152.jpg 1536w, https:\/\/ammersee-loft.de\/wp-content\/uploads\/2024\/07\/IMG_022518-1-2048x1536.jpg 2048w, https:\/\/ammersee-loft.de\/wp-content\/uploads\/2024\/07\/IMG_022518-1-469x352.jpg 469w\" sizes=\"auto, (max-width: 2560px) 100vw, 2560px\" \/><\/figure>\n\n\n\n<p class=\"has-text-align-center\"><strong>A separate walk-in closet connects the living space to a cozy attic nook via a steel staircase<\/strong><\/p>\n<\/div>\n<\/div>\n<\/div>\n<\/section>\n\n\n\n<section id=\"room-setup\" class=\"wp-block-group opaque room-setup is-layout-flow wp-block-group-is-layout-flow\">\n<div class=\"wp-block-group is-layout-flow wp-block-group-is-layout-flow\">\n<div class=\"wp-block-columns is-layout-flex wp-container-core-columns-is-layout-28f84493 wp-block-columns-is-layout-flex\">\n<div class=\"wp-block-column is-layout-flow wp-block-column-is-layout-flow\" style=\"flex-basis:50%\">\n<figure class=\"wp-block-image size-full\"><img loading=\"lazy\" decoding=\"async\" width=\"1000\" height=\"784\" src=\"https:\/\/ammersee-loft.de\/wp-content\/uploads\/2026\/01\/IMG_021813-Kueche-2-Boden-dunkel-Ausschnitt.jpg\" alt=\"\" class=\"wp-image-297\" style=\"aspect-ratio:4\/3;object-fit:cover\" srcset=\"https:\/\/ammersee-loft.de\/wp-content\/uploads\/2026\/01\/IMG_021813-Kueche-2-Boden-dunkel-Ausschnitt.jpg 1000w, https:\/\/ammersee-loft.de\/wp-content\/uploads\/2026\/01\/IMG_021813-Kueche-2-Boden-dunkel-Ausschnitt-300x235.jpg 300w, https:\/\/ammersee-loft.de\/wp-content\/uploads\/2026\/01\/IMG_021813-Kueche-2-Boden-dunkel-Ausschnitt-768x602.jpg 768w, https:\/\/ammersee-loft.de\/wp-content\/uploads\/2026\/01\/IMG_021813-Kueche-2-Boden-dunkel-Ausschnitt-15x12.jpg 15w\" sizes=\"auto, (max-width: 1000px) 100vw, 1000px\" \/><\/figure>\n<\/div>\n\n\n\n<div class=\"wp-block-column is-layout-flow wp-block-column-is-layout-flow\" style=\"flex-basis:50%\">\n<figure class=\"wp-block-image size-full\"><img loading=\"lazy\" decoding=\"async\" width=\"1045\" height=\"784\" src=\"https:\/\/ammersee-loft.de\/wp-content\/uploads\/2024\/06\/Sitzecke.jpg\" alt=\"\" class=\"wp-image-174\" style=\"aspect-ratio:4\/3;object-fit:cover\" srcset=\"https:\/\/ammersee-loft.de\/wp-content\/uploads\/2024\/06\/Sitzecke.jpg 1045w, https:\/\/ammersee-loft.de\/wp-content\/uploads\/2024\/06\/Sitzecke-300x225.jpg 300w, https:\/\/ammersee-loft.de\/wp-content\/uploads\/2024\/06\/Sitzecke-1024x768.jpg 1024w, https:\/\/ammersee-loft.de\/wp-content\/uploads\/2024\/06\/Sitzecke-768x576.jpg 768w, https:\/\/ammersee-loft.de\/wp-content\/uploads\/2024\/06\/Sitzecke-469x352.jpg 469w\" sizes=\"auto, (max-width: 1045px) 100vw, 1045px\" \/><\/figure>\n<\/div>\n<\/div>\n<\/div>\n\n\n\n<div class=\"wp-block-group is-layout-constrained wp-block-group-is-layout-constrained\">\n<section class=\"wp-block-group features is-layout-flow wp-block-group-is-layout-flow\">\n<h2 class=\"wp-block-heading overview\">Floor Plan<\/h2>\n\n\n\n<div class=\"wp-block-group layout is-layout-constrained wp-block-group-is-layout-constrained\">\n<div class=\"wp-block-group is-layout-constrained wp-block-group-is-layout-constrained\">\n<h3 class=\"wp-block-heading\">Ground Floor<\/h3>\n\n\n\n<ul class=\"wp-block-list\">\n<li>Entrance<\/li>\n\n\n\n<li>Open kitchen with dining area<\/li>\n\n\n\n<li>Utility room\/WC<\/li>\n\n\n\n<li>Storage room<\/li>\n<\/ul>\n<\/div>\n\n\n\n<div class=\"wp-block-group is-layout-constrained wp-block-group-is-layout-constrained\">\n<h3 class=\"wp-block-heading\">First Floor<\/h3>\n\n\n\n<ul class=\"wp-block-list\">\n<li>Living area<\/li>\n\n\n\n<li>Home office workspace<\/li>\n\n\n\n<li>Bedroom<\/li>\n\n\n\n<li>Bathroom<\/li>\n\n\n\n<li>Walk-in wardrobe<\/li>\n<\/ul>\n<\/div>\n\n\n\n<div class=\"wp-block-group is-layout-constrained wp-block-group-is-layout-constrained\">\n<h3 class=\"wp-block-heading\">Second Floor<\/h3>\n\n\n\n<ul class=\"wp-block-list\">\n<li>Cozy attic space<\/li>\n<\/ul>\n<\/div>\n<\/div>\n\n\n\n<h2 class=\"wp-block-heading\">Features &amp; Highlights<\/h2>\n\n\n\n<ul class=\"wp-block-list included\">\n<li>100 m\u00b2 living space<\/li>\n\n\n\n<li>120 m\u00b2 usable floor area<\/li>\n\n\n\n<li>Entire house for exclusive use<\/li>\n\n\n\n<li>Living across three levels<\/li>\n\n\n\n<li>Quiet location between forest and lake<\/li>\n\n\n\n<li>Suitable for one person or a couple<\/li>\n\n\n\n<li>Open-plan kitchen<\/li>\n\n\n\n<li>Open-concept living and sleeping area<\/li>\n\n\n\n<li>Large window fronts<\/li>\n\n\n\n<li>High timber ceilings<\/li>\n\n\n\n<li>Wild oak and black steel design elements<\/li>\n\n\n\n<li>Industrial-style screed flooring<\/li>\n\n\n\n<li>Custom-made staircases and furniture<\/li>\n\n\n\n<li>Queen-size bed by Roche Bobois<\/li>\n\n\n\n<li>Designer sofa by Rolf Benz<\/li>\n\n\n\n<li>Fireplace stove (on request)<\/li>\n\n\n\n<li>Mobile big-screen TV<\/li>\n\n\n\n<li>Wi-Fi or wired LAN (low radiation)<\/li>\n\n\n\n<li>Chandelier<\/li>\n\n\n\n<li>Carport\/Covered terrace<\/li>\n\n\n\n<li>Additional on-site parking space<\/li>\n\n\n\n<li>Heated loft room with sofa<\/li>\n\n\n\n<li>Recently renovated<\/li>\n<\/ul>\n\n\n\n<h2 class=\"wp-block-heading\">Details<\/h2>\n\n\n\n<div class=\"wp-block-group is-layout-constrained wp-block-group-is-layout-constrained\">\n<div class=\"wp-block-group is-layout-constrained wp-block-group-is-layout-constrained\">\n<h3 class=\"wp-block-heading\">Kitchen<\/h3>\n\n\n\n<ul class=\"wp-block-list\">\n<li>Ceramic glass cooktop<\/li>\n\n\n\n<li>Built-in oven<\/li>\n\n\n\n<li>Ceramic sink<\/li>\n\n\n\n<li>Built-in dishwasher<\/li>\n\n\n\n<li>Full-size fridge-freezer<\/li>\n\n\n\n<li>Electric kettle<\/li>\n\n\n\n<li>Air fryer<\/li>\n\n\n\n<li>Coffee machine<\/li>\n\n\n\n<li>Ventilation hood<\/li>\n\n\n\n<li>Tableware<\/li>\n\n\n\n<li>Cutlery<\/li>\n\n\n\n<li>Glassware<\/li>\n\n\n\n<li>Basic selection of spices<\/li>\n\n\n\n<li>Underfloor heating<\/li>\n<\/ul>\n<\/div>\n\n\n\n<div class=\"wp-block-group is-layout-constrained wp-block-group-is-layout-constrained\">\n<h3 class=\"wp-block-heading\">Bathroom<\/h3>\n\n\n\n<ul class=\"wp-block-list\">\n<li>Walk-in rain shower<\/li>\n\n\n\n<li>Glass sink<\/li>\n\n\n\n<li>Bidet<\/li>\n\n\n\n<li>Urinal<\/li>\n\n\n\n<li>Anti-fog heated mirror<\/li>\n\n\n\n<li>Heated towel rail<\/li>\n\n\n\n<li>Underfloor heating<\/li>\n\n\n\n<li>Towels<\/li>\n\n\n\n<li>Bath sheets<\/li>\n<\/ul>\n<\/div>\n\n\n\n<div class=\"wp-block-group is-layout-constrained wp-block-group-is-layout-constrained\">\n<h3 class=\"wp-block-heading\">Bedroom<\/h3>\n\n\n\n<ul class=\"wp-block-list\">\n<li>Double bed<\/li>\n\n\n\n<li>Complete bed linen sets<\/li>\n\n\n\n<li>Premium mattress<\/li>\n\n\n\n<li>LED bedside reading light<\/li>\n\n\n\n<li>USB power outlets<\/li>\n\n\n\n<li>Ambient bedside lighting<\/li>\n\n\n\n<li>Wi-Fi and wired LAN<\/li>\n\n\n\n<li>Folding screen<\/li>\n<\/ul>\n<\/div>\n\n\n\n<div class=\"wp-block-group is-layout-constrained wp-block-group-is-layout-constrained\">\n<h3 class=\"wp-block-heading\">Essentials<\/h3>\n\n\n\n<ul class=\"wp-block-list\">\n<li>Spacious 3.5m\u00b2 walk-in wardrobe<\/li>\n\n\n\n<li>Hangers<\/li>\n\n\n\n<li>Washing machine<\/li>\n\n\n\n<li>Clothes dryer<\/li>\n\n\n\n<li>Second toilet<\/li>\n\n\n\n<li>Second washbasin<\/li>\n\n\n\n<li>Patio umbrella<\/li>\n\n\n\n<li>Outdoor furniture<\/li>\n\n\n\n<li>Covered outdoor breakfast area<\/li>\n\n\n\n<li>12m\u00b2 Storage<\/li>\n\n\n\n<li>Safe<\/li>\n\n\n\n<li>Iron<\/li>\n\n\n\n<li>Ironing board<\/li>\n\n\n\n<li>Vacuum cleaner<\/li>\n\n\n\n<li>Folding screen<\/li>\n\n\n\n<li>Carport<\/li>\n\n\n\n<li>Security locking system<\/li>\n\n\n\n<li>Two emergency exits<\/li>\n\n\n\n<li>Insect screens on windows<\/li>\n\n\n\n<li>Smoke detectors<\/li>\n<\/ul>\n<\/div>\n\n\n\n<div class=\"wp-block-group is-layout-constrained wp-block-group-is-layout-constrained\">\n<h3 class=\"wp-block-heading\">Living area<\/h3>\n\n\n\n<ul class=\"wp-block-list\">\n<li>75\u2033 Panasonic TV<\/li>\n\n\n\n<li>MagentaTV (180 channels included)<\/li>\n\n\n\n<li>Designer leather sofa<\/li>\n\n\n\n<li>Leather lounge chair<\/li>\n\n\n\n<li>Coffee table<\/li>\n\n\n\n<li>Reading lights<\/li>\n\n\n\n<li>Chandelier<\/li>\n\n\n\n<li>Ceiling fan<\/li>\n\n\n\n<li>Books and reading material<\/li>\n\n\n\n<li>SCAN high-efficiency wood stove<\/li>\n\n\n\n<li>Solid oak desk<\/li>\n\n\n\n<li>Wi-Fi and wired LAN<\/li>\n\n\n\n<li>Swivel stool<\/li>\n\n\n\n<li>Windows with pleated blinds and curtains<\/li>\n<\/ul>\n<\/div>\n<\/div>\n<\/section>\n<\/div>\n<\/section>\n\n\n\n<section id=\"call-to-action\" class=\"wp-block-group is-layout-constrained wp-block-group-is-layout-constrained\"><nav class=\"items-justified-center wp-block-navigation is-content-justification-center is-layout-flex wp-container-core-navigation-is-layout-a89b3969 wp-block-navigation-is-layout-flex\" aria-label=\"Navigation\"><ul class=\"wp-block-navigation__container items-justified-center wp-block-navigation\"><li class=\"wp-block-navigation-item wp-block-navigation-link\"><a class=\"wp-block-navigation-item__content\"  href=\"https:\/\/ammersee-loft.de\/en\/?page_id=26\"><span class=\"wp-block-navigation-item__label\">Book now!<\/span><\/a><\/li><\/ul><\/nav>\n\n\n<div class=\"wp-block-buttons is-content-justification-center is-layout-flex wp-container-core-buttons-is-layout-a89b3969 wp-block-buttons-is-layout-flex\">\n<div class=\"wp-block-button is-style-outline is-style-outline--1\"><a class=\"wp-block-button__link has-text-align-center wp-element-button\" href=\"https:\/\/ammersee-loft.de\/en\/?page_id=26\">Book now<\/a><\/div>\n<\/div>\n<\/section>","protected":false},"excerpt":{"rendered":"<p>Zwischen Wald und Wasser Unser luxuri\u00f6ses G\u00e4stehaus Ammersee-Loft liegt direkt am Wald, rund 800 Meter vom Ammerseeufer entfernt \u2013 ruhig und von Gr\u00fcn umgeben.\u00dcber drei Ebenen erstrecken sich 100 m\u00b2 lichtdurchfluteter Wohnraum. Mit seiner gro\u00dfz\u00fcgigen Raumaufteilung ist das Loft ideal f\u00fcr eine Einzelperson oder ein Paar.Alle R\u00e4ume sind stilvoll und hochwertig eingerichtet In der ersten [&hellip;]<\/p>","protected":false},"author":1,"featured_media":0,"parent":0,"menu_order":0,"comment_status":"closed","ping_status":"closed","template":"","meta":{"footnotes":""},"class_list":["post-6","page","type-page","status-publish","hentry"],"_links":{"self":[{"href":"https:\/\/ammersee-loft.de\/en\/wp-json\/wp\/v2\/pages\/6","targetHints":{"allow":["GET"]}}],"collection":[{"href":"https:\/\/ammersee-loft.de\/en\/wp-json\/wp\/v2\/pages"}],"about":[{"href":"https:\/\/ammersee-loft.de\/en\/wp-json\/wp\/v2\/types\/page"}],"author":[{"embeddable":true,"href":"https:\/\/ammersee-loft.de\/en\/wp-json\/wp\/v2\/users\/1"}],"replies":[{"embeddable":true,"href":"https:\/\/ammersee-loft.de\/en\/wp-json\/wp\/v2\/comments?post=6"}],"version-history":[{"count":205,"href":"https:\/\/ammersee-loft.de\/en\/wp-json\/wp\/v2\/pages\/6\/revisions"}],"predecessor-version":[{"id":537,"href":"https:\/\/ammersee-loft.de\/en\/wp-json\/wp\/v2\/pages\/6\/revisions\/537"}],"wp:attachment":[{"href":"https:\/\/ammersee-loft.de\/en\/wp-json\/wp\/v2\/media?parent=6"}],"curies":[{"name":"wp","href":"https:\/\/api.w.org\/{rel}","templated":true}]}}