{"id":18,"date":"2023-07-28T17:44:10","date_gmt":"2023-07-28T15:44:10","guid":{"rendered":"http:\/\/localhost:8280\/?page_id=18"},"modified":"2026-01-29T18:32:15","modified_gmt":"2026-01-29T17:32:15","slug":"wohnen-am-ammersee","status":"publish","type":"page","link":"https:\/\/ammersee-loft.de\/en\/wohnen-am-ammersee\/","title":{"rendered":"Living at Lake Ammersee"},"content":{"rendered":"<section class=\"wp-block-group is-layout-constrained wp-block-group-is-layout-constrained\">\n<div class=\"wp-block-group narrow is-layout-constrained wp-block-group-is-layout-constrained\">\n<p class=\"has-text-align-center\">Herrsching lies at the heart of the Five Lakes region on the eastern shore of Lake Ammersee, renowned for its natural beauty, Germany\u2019s longest lakeside promenade, and unforgettable sunsets.<\/p>\n\n\n\n<p class=\"has-text-align-center\"><\/p>\n\n\n\n<p class=\"has-text-align-center\">The Five Lakes region offers a wide range of sights and leisure activities, from Andechs Monastery and Neuschwanstein Castle to the Alpine foothills and the Zugspitze, along with hiking, cycling, water sports, boat cruises, lakeside markets, and seasonal fairs.<\/p>\n\n\n\n<p class=\"has-text-align-center\">The legendary Oktoberfest is easily accessible directly by S-Bahn without changing trains (S8 Herrsching \u2192 Hackerbr\u00fccke).<br>The Munich Franz Josef Strauss Airport is also directly accessible via the S-Bahn (S8).<\/p>\n<\/div>\n<\/section>\n\n\n\n<section id=\"surroundings\" class=\"wp-block-group is-layout-constrained wp-block-group-is-layout-constrained\">\n<div class=\"wp-block-columns narrow is-layout-flex wp-container-core-columns-is-layout-28f84493 wp-block-columns-is-layout-flex\">\n<div class=\"wp-block-column is-layout-flow wp-block-column-is-layout-flow\" style=\"flex-basis:33.34%\">\n<div class=\"wp-block-group is-vertical is-content-justification-center is-layout-flex wp-container-core-group-is-layout-ce155fab wp-block-group-is-layout-flex\">\n<figure class=\"wp-block-image size-full\"><img loading=\"lazy\" decoding=\"async\" width=\"135\" height=\"135\" src=\"https:\/\/ammersee-loft.de\/wp-content\/uploads\/2023\/07\/see.png\" alt=\"\" class=\"wp-image-20\"\/><\/figure>\n\n\n\n<p class=\"has-text-align-center\">The nearest swimming beach is just three minutes by bicycle<\/p>\n<\/div>\n<\/div>\n\n\n\n<div class=\"wp-block-column is-layout-flow wp-block-column-is-layout-flow\" style=\"flex-basis:33.34%\">\n<div class=\"wp-block-group is-vertical is-content-justification-center is-layout-flex wp-container-core-group-is-layout-ce155fab wp-block-group-is-layout-flex\">\n<figure class=\"wp-block-image size-full\"><img loading=\"lazy\" decoding=\"async\" width=\"135\" height=\"135\" src=\"https:\/\/ammersee-loft.de\/wp-content\/uploads\/2023\/07\/sbahn.png\" alt=\"\" class=\"wp-image-21\"\/><\/figure>\n\n\n\n<p class=\"has-text-align-center\">Herrsching train station (S8) is approximately 4 minutes away by car <br><\/p>\n<\/div>\n<\/div>\n\n\n\n<div class=\"wp-block-column is-layout-flow wp-block-column-is-layout-flow\" style=\"flex-basis:33.33%\">\n<div class=\"wp-block-group is-vertical is-content-justification-center is-layout-flex wp-container-core-group-is-layout-ce155fab wp-block-group-is-layout-flex\">\n<figure class=\"wp-block-image size-full\"><img loading=\"lazy\" decoding=\"async\" width=\"135\" height=\"135\" src=\"https:\/\/ammersee-loft.de\/wp-content\/uploads\/2023\/07\/wald.png\" alt=\"\" class=\"wp-image-22\"\/><\/figure>\n\n\n\n<p class=\"has-text-align-center translation-block\">Quiet, nature-oriented location at the forest edge<\/p>\n<\/div>\n<\/div>\n<\/div>\n<\/section>\n\n\n\n<section class=\"wp-block-group is-layout-flow wp-block-group-is-layout-flow\">\n<figure class=\"wp-block-image size-full\"><img loading=\"lazy\" decoding=\"async\" width=\"2560\" height=\"1920\" src=\"https:\/\/ammersee-loft.de\/wp-content\/uploads\/2024\/08\/Mail-Anhang-6-scaled.jpeg\" alt=\"\" class=\"wp-image-242\" style=\"object-fit:cover\" srcset=\"https:\/\/ammersee-loft.de\/wp-content\/uploads\/2024\/08\/Mail-Anhang-6-scaled.jpeg 2560w, https:\/\/ammersee-loft.de\/wp-content\/uploads\/2024\/08\/Mail-Anhang-6-300x225.jpeg 300w, https:\/\/ammersee-loft.de\/wp-content\/uploads\/2024\/08\/Mail-Anhang-6-1024x768.jpeg 1024w, https:\/\/ammersee-loft.de\/wp-content\/uploads\/2024\/08\/Mail-Anhang-6-768x576.jpeg 768w, https:\/\/ammersee-loft.de\/wp-content\/uploads\/2024\/08\/Mail-Anhang-6-1536x1152.jpeg 1536w, https:\/\/ammersee-loft.de\/wp-content\/uploads\/2024\/08\/Mail-Anhang-6-2048x1536.jpeg 2048w, https:\/\/ammersee-loft.de\/wp-content\/uploads\/2024\/08\/Mail-Anhang-6-469x352.jpeg 469w\" sizes=\"auto, (max-width: 2560px) 100vw, 2560px\" \/><\/figure>\n<\/section>\n\n\n\n<div class=\"wp-block-group is-nowrap is-layout-flex wp-container-core-group-is-layout-6c531013 wp-block-group-is-layout-flex\">\n<figure class=\"wp-block-image size-full\" style=\"margin-top:0;margin-bottom:0\"><img loading=\"lazy\" decoding=\"async\" width=\"2048\" height=\"1367\" src=\"https:\/\/ammersee-loft.de\/wp-content\/uploads\/2026\/01\/iStock-686016582.jpg\" alt=\"Oktoberfest\" class=\"wp-image-299\" srcset=\"https:\/\/ammersee-loft.de\/wp-content\/uploads\/2026\/01\/iStock-686016582.jpg 2048w, https:\/\/ammersee-loft.de\/wp-content\/uploads\/2026\/01\/iStock-686016582-300x200.jpg 300w, https:\/\/ammersee-loft.de\/wp-content\/uploads\/2026\/01\/iStock-686016582-1024x684.jpg 1024w, https:\/\/ammersee-loft.de\/wp-content\/uploads\/2026\/01\/iStock-686016582-768x513.jpg 768w, https:\/\/ammersee-loft.de\/wp-content\/uploads\/2026\/01\/iStock-686016582-1536x1025.jpg 1536w, https:\/\/ammersee-loft.de\/wp-content\/uploads\/2026\/01\/iStock-686016582-18x12.jpg 18w\" sizes=\"auto, (max-width: 2048px) 100vw, 2048px\" \/><\/figure>\n\n\n\n<figure class=\"wp-block-image size-full\"><img loading=\"lazy\" decoding=\"async\" width=\"2048\" height=\"1365\" src=\"https:\/\/ammersee-loft.de\/wp-content\/uploads\/2026\/01\/iStock-104306433.jpg\" alt=\"Mountains\" class=\"wp-image-301\" srcset=\"https:\/\/ammersee-loft.de\/wp-content\/uploads\/2026\/01\/iStock-104306433.jpg 2048w, https:\/\/ammersee-loft.de\/wp-content\/uploads\/2026\/01\/iStock-104306433-300x200.jpg 300w, https:\/\/ammersee-loft.de\/wp-content\/uploads\/2026\/01\/iStock-104306433-1024x683.jpg 1024w, https:\/\/ammersee-loft.de\/wp-content\/uploads\/2026\/01\/iStock-104306433-768x512.jpg 768w, https:\/\/ammersee-loft.de\/wp-content\/uploads\/2026\/01\/iStock-104306433-1536x1024.jpg 1536w, https:\/\/ammersee-loft.de\/wp-content\/uploads\/2026\/01\/iStock-104306433-18x12.jpg 18w\" sizes=\"auto, (max-width: 2048px) 100vw, 2048px\" \/><\/figure>\n<\/div>\n\n\n\n<div class=\"wp-block-group is-nowrap is-layout-flex wp-container-core-group-is-layout-6c531013 wp-block-group-is-layout-flex\">\n<figure class=\"wp-block-image size-full\"><img loading=\"lazy\" decoding=\"async\" width=\"2048\" height=\"1367\" src=\"https:\/\/ammersee-loft.de\/wp-content\/uploads\/2026\/01\/AdobeStock_172512721xx.jpg\" alt=\"People enjoy the ride on a carousel during a sunny afternoon at the Oktoberfest in Munich\" class=\"wp-image-302\" srcset=\"https:\/\/ammersee-loft.de\/wp-content\/uploads\/2026\/01\/AdobeStock_172512721xx.jpg 2048w, https:\/\/ammersee-loft.de\/wp-content\/uploads\/2026\/01\/AdobeStock_172512721xx-300x200.jpg 300w, https:\/\/ammersee-loft.de\/wp-content\/uploads\/2026\/01\/AdobeStock_172512721xx-1024x684.jpg 1024w, https:\/\/ammersee-loft.de\/wp-content\/uploads\/2026\/01\/AdobeStock_172512721xx-768x513.jpg 768w, https:\/\/ammersee-loft.de\/wp-content\/uploads\/2026\/01\/AdobeStock_172512721xx-1536x1025.jpg 1536w, https:\/\/ammersee-loft.de\/wp-content\/uploads\/2026\/01\/AdobeStock_172512721xx-18x12.jpg 18w\" sizes=\"auto, (max-width: 2048px) 100vw, 2048px\" \/><\/figure>\n\n\n\n<figure class=\"wp-block-image size-full\"><img loading=\"lazy\" decoding=\"async\" width=\"2048\" height=\"1366\" src=\"https:\/\/ammersee-loft.de\/wp-content\/uploads\/2026\/01\/iStock-867929804.jpg\" alt=\"Standup-Paddling at a beautiful lake\" class=\"wp-image-303\" srcset=\"https:\/\/ammersee-loft.de\/wp-content\/uploads\/2026\/01\/iStock-867929804.jpg 2048w, https:\/\/ammersee-loft.de\/wp-content\/uploads\/2026\/01\/iStock-867929804-300x200.jpg 300w, https:\/\/ammersee-loft.de\/wp-content\/uploads\/2026\/01\/iStock-867929804-1024x683.jpg 1024w, https:\/\/ammersee-loft.de\/wp-content\/uploads\/2026\/01\/iStock-867929804-768x512.jpg 768w, https:\/\/ammersee-loft.de\/wp-content\/uploads\/2026\/01\/iStock-867929804-1536x1025.jpg 1536w, https:\/\/ammersee-loft.de\/wp-content\/uploads\/2026\/01\/iStock-867929804-18x12.jpg 18w\" sizes=\"auto, (max-width: 2048px) 100vw, 2048px\" \/><\/figure>\n\n\n\n<figure class=\"wp-block-image size-full\"><img loading=\"lazy\" decoding=\"async\" width=\"2048\" height=\"1365\" src=\"https:\/\/ammersee-loft.de\/wp-content\/uploads\/2026\/01\/AdobeStock_567797966.jpg\" alt=\"The Benedictine abbey of Andechs is a place of pilgrimage east of the Ammersee (near Munich) in Upper Bavaria,\" class=\"wp-image-304\" srcset=\"https:\/\/ammersee-loft.de\/wp-content\/uploads\/2026\/01\/AdobeStock_567797966.jpg 2048w, https:\/\/ammersee-loft.de\/wp-content\/uploads\/2026\/01\/AdobeStock_567797966-300x200.jpg 300w, https:\/\/ammersee-loft.de\/wp-content\/uploads\/2026\/01\/AdobeStock_567797966-1024x683.jpg 1024w, https:\/\/ammersee-loft.de\/wp-content\/uploads\/2026\/01\/AdobeStock_567797966-768x512.jpg 768w, https:\/\/ammersee-loft.de\/wp-content\/uploads\/2026\/01\/AdobeStock_567797966-1536x1024.jpg 1536w, https:\/\/ammersee-loft.de\/wp-content\/uploads\/2026\/01\/AdobeStock_567797966-18x12.jpg 18w\" sizes=\"auto, (max-width: 2048px) 100vw, 2048px\" \/><\/figure>\n<\/div>\n\n\n\n<section id=\"call-to-action\" class=\"wp-block-group is-layout-constrained wp-block-group-is-layout-constrained\"><nav class=\"items-justified-center wp-block-navigation is-content-justification-center is-layout-flex wp-container-core-navigation-is-layout-a89b3969 wp-block-navigation-is-layout-flex\" aria-label=\"Navigation\"><ul class=\"wp-block-navigation__container items-justified-center wp-block-navigation\"><li class=\"wp-block-navigation-item wp-block-navigation-link\"><a class=\"wp-block-navigation-item__content\"  href=\"https:\/\/ammersee-loft.de\/en\/?page_id=26\"><span class=\"wp-block-navigation-item__label\">Book now!<\/span><\/a><\/li><\/ul><\/nav>\n\n\n<div class=\"wp-block-buttons is-content-justification-center is-layout-flex wp-container-core-buttons-is-layout-a89b3969 wp-block-buttons-is-layout-flex\">\n<div class=\"wp-block-button is-style-outline is-style-outline--1\"><a class=\"wp-block-button__link has-text-align-center wp-element-button\" href=\"https:\/\/ammersee-loft.de\/en\/?page_id=26\">Book now<\/a><\/div>\n<\/div>\n<\/section>","protected":false},"excerpt":{"rendered":"<p>Herrsching liegt im Zentrum des F\u00fcnf-Seen-Landes am Ostufer des Ammersees. Die 12.000 Einwohnergemeinde ist bekannt f\u00fcr ihre landschaftliche Sch\u00f6nheit, Deutschlands l\u00e4ngste Seepromenade und ihre legend\u00e4ren Sonnenunterg\u00e4nge. Die Umgebung des F\u00fcnf-Seen-Landes bietet zahlreiche Sehensw\u00fcrdigkeiten und Freizeitaktivit\u00e4ten wie das Kloster Andechs, Schloss Neuschwanstein, das Alpenvorland und die Zugspitze, (Berg-)Wanderungen, Fahrradtouren, Wassersport, Dampferfahrten, Promenadenm\u00e4rkte und saisonale Messen. Das [&hellip;]<\/p>","protected":false},"author":1,"featured_media":177,"parent":0,"menu_order":0,"comment_status":"closed","ping_status":"closed","template":"","meta":{"footnotes":""},"class_list":["post-18","page","type-page","status-publish","has-post-thumbnail","hentry"],"_links":{"self":[{"href":"https:\/\/ammersee-loft.de\/en\/wp-json\/wp\/v2\/pages\/18","targetHints":{"allow":["GET"]}}],"collection":[{"href":"https:\/\/ammersee-loft.de\/en\/wp-json\/wp\/v2\/pages"}],"about":[{"href":"https:\/\/ammersee-loft.de\/en\/wp-json\/wp\/v2\/types\/page"}],"author":[{"embeddable":true,"href":"https:\/\/ammersee-loft.de\/en\/wp-json\/wp\/v2\/users\/1"}],"replies":[{"embeddable":true,"href":"https:\/\/ammersee-loft.de\/en\/wp-json\/wp\/v2\/comments?post=18"}],"version-history":[{"count":42,"href":"https:\/\/ammersee-loft.de\/en\/wp-json\/wp\/v2\/pages\/18\/revisions"}],"predecessor-version":[{"id":530,"href":"https:\/\/ammersee-loft.de\/en\/wp-json\/wp\/v2\/pages\/18\/revisions\/530"}],"wp:featuredmedia":[{"embeddable":true,"href":"https:\/\/ammersee-loft.de\/en\/wp-json\/wp\/v2\/media\/177"}],"wp:attachment":[{"href":"https:\/\/ammersee-loft.de\/en\/wp-json\/wp\/v2\/media?parent=18"}],"curies":[{"name":"wp","href":"https:\/\/api.w.org\/{rel}","templated":true}]}}